{"id":621,"date":"2025-08-22T06:55:19","date_gmt":"2025-08-22T06:55:19","guid":{"rendered":"https:\/\/laconciergeriesansebastian.com\/?page_id=621"},"modified":"2025-10-30T11:43:02","modified_gmt":"2025-10-30T11:43:02","slug":"politique-de-confidentialite","status":"publish","type":"page","link":"https:\/\/laconciergeriesansebastian.com\/fr\/politique-de-confidentialite\/","title":{"rendered":"Politique de Confidentialit\u00e9"},"content":{"rendered":"<p>[et_pb_section fb_built=\u00a0\u00bb1&Prime; custom_padding_last_edited=\u00a0\u00bbon|tablet\u00a0\u00bb module_id=\u00a0\u00bbServices\u00a0\u00bb _builder_version=\u00a0\u00bb4.25.2&Prime; _module_preset=\u00a0\u00bbdefault\u00a0\u00bb background_color=\u00a0\u00bb#070f1b\u00a0\u00bb background_enable_image=\u00a0\u00bboff\u00a0\u00bb background_size=\u00a0\u00bbinitial\u00a0\u00bb background_position=\u00a0\u00bbbottom_center\u00a0\u00bb custom_padding=\u00a0\u00bb150px||100px||false|false\u00a0\u00bb custom_padding_tablet=\u00a0\u00bb80px||80px||true|false\u00a0\u00bb custom_padding_phone=\u00a0\u00bb80px||80px||true|false\u00a0\u00bb background_last_edited=\u00a0\u00bbon|phone\u00a0\u00bb background_size_phone=\u00a0\u00bbcustom\u00a0\u00bb background_image_width_phone=\u00a0\u00bb60%\u00a0\u00bb global_colors_info=\u00a0\u00bb{}\u00a0\u00bb][et_pb_row _builder_version=\u00a0\u00bb4.25.2&Prime; _module_preset=\u00a0\u00bbdefault\u00a0\u00bb width_tablet=\u00a0\u00bb\u00a0\u00bb width_phone=\u00a0\u00bb90%\u00a0\u00bb width_last_edited=\u00a0\u00bbon|phone\u00a0\u00bb custom_margin=\u00a0\u00bb0px||0px||false|false\u00a0\u00bb custom_padding=\u00a0\u00bb0px||50px||false|false\u00a0\u00bb global_colors_info=\u00a0\u00bb{}\u00a0\u00bb][et_pb_column type=\u00a0\u00bb4_4&Prime; _builder_version=\u00a0\u00bb4.25.2&Prime; _module_preset=\u00a0\u00bbdefault\u00a0\u00bb global_colors_info=\u00a0\u00bb{}\u00a0\u00bb][et_pb_text _builder_version=\u00a0\u00bb4.25.2&Prime; _module_preset=\u00a0\u00bbdefault\u00a0\u00bb header_2_text_color=\u00a0\u00bb#e0aa3e\u00a0\u00bb header_2_font_size=\u00a0\u00bb32px\u00a0\u00bb header_2_line_height=\u00a0\u00bb43px\u00a0\u00bb text_orientation=\u00a0\u00bbcenter\u00a0\u00bb custom_margin=\u00a0\u00bb0px||0px||false|false\u00a0\u00bb custom_padding=\u00a0\u00bb0px||20px||false|false\u00a0\u00bb global_colors_info=\u00a0\u00bb{}\u00a0\u00bb]<\/p>\n<h2>POLITIQUE DE CONFIDENTIALIT\u00c9<\/h2>\n<p>[\/et_pb_text][et_pb_divider color=\u00a0\u00bb#e0aa3e\u00a0\u00bb divider_weight=\u00a0\u00bb1px\u00a0\u00bb _builder_version=\u00a0\u00bb4.25.2&Prime; _module_preset=\u00a0\u00bbdefault\u00a0\u00bb width=\u00a0\u00bb10%\u00a0\u00bb module_alignment=\u00a0\u00bbcenter\u00a0\u00bb global_colors_info=\u00a0\u00bb{}\u00a0\u00bb][\/et_pb_divider][et_pb_text _builder_version=\u00a0\u00bb4.25.2&Prime; _module_preset=\u00a0\u00bbdefault\u00a0\u00bb text_text_color=\u00a0\u00bb#FFFFFF\u00a0\u00bb text_font_size=\u00a0\u00bb18px\u00a0\u00bb global_colors_info=\u00a0\u00bb{}\u00a0\u00bb]<\/p>\n<p>La pr\u00e9sente politique explique comment seront trait\u00e9es et prot\u00e9g\u00e9es les informations personnelles de toutes les personnes qui interagissent avec ce site web. Veuillez lire attentivement toutes les sections de l\u2019avis l\u00e9gal, de la politique en mati\u00e8re de cookies et de la pr\u00e9sente politique de confidentialit\u00e9 avant d\u2019utiliser ce site web.<br \/>Conform\u00e9ment au R\u00e8glement (UE) 2016\/679 du Parlement europ\u00e9en et du Conseil du 27 avril 2016 (RGPD) et \u00e0 la Loi Organique 3\/2018 du 5 d\u00e9cembre relative \u00e0 la protection des donn\u00e9es personnelles et \u00e0 la garantie des droits num\u00e9riques, nous vous informons qu\u2019en acceptant cette Politique de Confidentialit\u00e9, vous donnez votre consentement expr\u00e8s, \u00e9clair\u00e9, libre et sans \u00e9quivoque pour que les donn\u00e9es que vous fournissez \u2014 soumises aux mesures de s\u00e9curit\u00e9 techniques et organisationnelles pr\u00e9vues par la r\u00e9glementation en vigueur \u2014 soient trait\u00e9es par <span>Gorka Galparsoro Azurmendi <\/span>SL, en qualit\u00e9 de responsable du traitement.<\/p>\n<p><span style=\"color: #e0aa3e;\">Donn\u00e9es du responsable du site :<\/span><\/p>\n<p><span style=\"color: #ffffff;\">Identit\u00e9 du responsable : Gorka Galparsoro Azurmendi<br \/>Nom commercial : La Conciergerie<br \/>NIF\/CIF : 72480369D<br \/>Adresse : Plaza Hiru Damatxo 6, 1\u00baB, Gipuzkoa, Donostia<br \/>T\u00e9l\u00e9phone : 616 72 84 46<\/span><\/p>\n<p><span style=\"\"><\/span><\/p>\n<\/p>\n<p><span style=\"\"><\/span><\/p>\n<\/p>\n<p><span style=\"\"><\/span><\/p>\n<\/p>\n<p><span style=\"\"><\/span><\/p>\n<\/p>\n<p>[\/et_pb_text][\/et_pb_column][\/et_pb_row][\/et_pb_section]<\/p>\n","protected":false},"excerpt":{"rendered":"<p>POLITIQUE DE CONFIDENTIALIT\u00c9La pr\u00e9sente politique explique comment seront trait\u00e9es et prot\u00e9g\u00e9es les informations personnelles de toutes les personnes qui interagissent avec ce site web. Veuillez lire attentivement toutes les sections de l\u2019avis l\u00e9gal, de la politique en mati\u00e8re de cookies et de la pr\u00e9sente politique de confidentialit\u00e9 avant d\u2019utiliser ce site web.Conform\u00e9ment au R\u00e8glement (UE) [&hellip;]<\/p>\n","protected":false},"author":1,"featured_media":0,"parent":0,"menu_order":0,"comment_status":"closed","ping_status":"closed","template":"","meta":{"_et_pb_use_builder":"on","_et_pb_old_content":"","_et_gb_content_width":"","inline_featured_image":false,"footnotes":""},"class_list":["post-621","page","type-page","status-publish","hentry"],"_links":{"self":[{"href":"https:\/\/laconciergeriesansebastian.com\/fr\/wp-json\/wp\/v2\/pages\/621","targetHints":{"allow":["GET"]}}],"collection":[{"href":"https:\/\/laconciergeriesansebastian.com\/fr\/wp-json\/wp\/v2\/pages"}],"about":[{"href":"https:\/\/laconciergeriesansebastian.com\/fr\/wp-json\/wp\/v2\/types\/page"}],"author":[{"embeddable":true,"href":"https:\/\/laconciergeriesansebastian.com\/fr\/wp-json\/wp\/v2\/users\/1"}],"replies":[{"embeddable":true,"href":"https:\/\/laconciergeriesansebastian.com\/fr\/wp-json\/wp\/v2\/comments?post=621"}],"version-history":[{"count":3,"href":"https:\/\/laconciergeriesansebastian.com\/fr\/wp-json\/wp\/v2\/pages\/621\/revisions"}],"predecessor-version":[{"id":691,"href":"https:\/\/laconciergeriesansebastian.com\/fr\/wp-json\/wp\/v2\/pages\/621\/revisions\/691"}],"wp:attachment":[{"href":"https:\/\/laconciergeriesansebastian.com\/fr\/wp-json\/wp\/v2\/media?parent=621"}],"curies":[{"name":"wp","href":"https:\/\/api.w.org\/{rel}","templated":true}]}}