{"id":617,"date":"2025-08-22T06:54:00","date_gmt":"2025-08-22T06:54:00","guid":{"rendered":"https:\/\/laconciergeriesansebastian.com\/?page_id=617"},"modified":"2025-10-30T11:42:29","modified_gmt":"2025-10-30T11:42:29","slug":"mentions-legales","status":"publish","type":"page","link":"https:\/\/laconciergeriesansebastian.com\/fr\/mentions-legales\/","title":{"rendered":"Mentions L\u00e9gales"},"content":{"rendered":"<p>[et_pb_section fb_built=\u00a0\u00bb1&Prime; custom_padding_last_edited=\u00a0\u00bbon|tablet\u00a0\u00bb module_id=\u00a0\u00bbServices\u00a0\u00bb _builder_version=\u00a0\u00bb4.25.2&Prime; _module_preset=\u00a0\u00bbdefault\u00a0\u00bb background_color=\u00a0\u00bb#070f1b\u00a0\u00bb background_enable_image=\u00a0\u00bboff\u00a0\u00bb background_size=\u00a0\u00bbinitial\u00a0\u00bb background_position=\u00a0\u00bbbottom_center\u00a0\u00bb custom_padding=\u00a0\u00bb150px||100px||false|false\u00a0\u00bb custom_padding_tablet=\u00a0\u00bb80px||80px||true|false\u00a0\u00bb custom_padding_phone=\u00a0\u00bb80px||80px||true|false\u00a0\u00bb background_last_edited=\u00a0\u00bbon|phone\u00a0\u00bb background_size_phone=\u00a0\u00bbcustom\u00a0\u00bb background_image_width_phone=\u00a0\u00bb60%\u00a0\u00bb global_colors_info=\u00a0\u00bb{}\u00a0\u00bb][et_pb_row _builder_version=\u00a0\u00bb4.25.2&Prime; _module_preset=\u00a0\u00bbdefault\u00a0\u00bb width_tablet=\u00a0\u00bb\u00a0\u00bb width_phone=\u00a0\u00bb90%\u00a0\u00bb width_last_edited=\u00a0\u00bbon|phone\u00a0\u00bb custom_margin=\u00a0\u00bb0px||0px||false|false\u00a0\u00bb custom_padding=\u00a0\u00bb0px||50px||false|false\u00a0\u00bb global_colors_info=\u00a0\u00bb{}\u00a0\u00bb][et_pb_column type=\u00a0\u00bb4_4&Prime; _builder_version=\u00a0\u00bb4.25.2&Prime; _module_preset=\u00a0\u00bbdefault\u00a0\u00bb global_colors_info=\u00a0\u00bb{}\u00a0\u00bb][et_pb_text _builder_version=\u00a0\u00bb4.25.2&Prime; _module_preset=\u00a0\u00bbdefault\u00a0\u00bb header_2_text_color=\u00a0\u00bb#e0aa3e\u00a0\u00bb header_2_font_size=\u00a0\u00bb32px\u00a0\u00bb header_2_line_height=\u00a0\u00bb43px\u00a0\u00bb text_orientation=\u00a0\u00bbcenter\u00a0\u00bb custom_margin=\u00a0\u00bb0px||0px||false|false\u00a0\u00bb custom_padding=\u00a0\u00bb0px||20px||false|false\u00a0\u00bb global_colors_info=\u00a0\u00bb{}\u00a0\u00bb]<\/p>\n<h2>MENTIONS L\u00c9GALES<\/h2>\n<p>[\/et_pb_text][et_pb_divider color=\u00a0\u00bb#e0aa3e\u00a0\u00bb divider_weight=\u00a0\u00bb1px\u00a0\u00bb _builder_version=\u00a0\u00bb4.25.2&Prime; _module_preset=\u00a0\u00bbdefault\u00a0\u00bb width=\u00a0\u00bb10%\u00a0\u00bb module_alignment=\u00a0\u00bbcenter\u00a0\u00bb global_colors_info=\u00a0\u00bb{}\u00a0\u00bb][\/et_pb_divider][et_pb_text _builder_version=\u00a0\u00bb4.25.2&Prime; _module_preset=\u00a0\u00bbdefault\u00a0\u00bb text_text_color=\u00a0\u00bb#FFFFFF\u00a0\u00bb text_font_size=\u00a0\u00bb18px\u00a0\u00bb global_colors_info=\u00a0\u00bb{}\u00a0\u00bb]<\/p>\n<p>Conform\u00e9ment \u00e0 la loi 34\/2002 du 11 juillet relative aux services de la soci\u00e9t\u00e9 de l\u2019information et au commerce \u00e9lectronique, et en respect du devoir d\u2019information l\u00e9gale, il est port\u00e9 \u00e0 la connaissance des utilisateurs que <span style=\"text-decoration: underline;\">www.laconciergeriesansebastian.com<\/span> est un domaine Internet dont le titulaire est Gorka Galparsoro Azurmendi.<\/p>\n<p><span style=\"color: #e0aa3e;\">La Conciergerie:<\/span><\/p>\n<p>Donn\u00e9es d\u2019identification<br \/>Raison sociale \/ Nom : Gorka Galparsoro Azurmendi<br \/>Nom commercial : La Conciergerie<br \/>Identification fiscale : 72480369D<br \/>Adresse : Plaza Hiru Damatxo 6, 1\u00baB, Gipuzkoa, Donostia<br \/>T\u00e9l : 616 72 84 46<\/p>\n<p><span style=\"\"><\/span><\/p>\n<p><span style=\"\"> <\/span><\/p>\n<p><span style=\"\"> <\/span><\/p>\n<p><span style=\"\"> <\/span><\/p>\n<p><span style=\"\"> <\/span><\/p>\n<p><span style=\"\"><\/span><\/p>\n<p><span><span style=\"\"> <\/span><span style=\"\"><br \/><\/span><\/span><\/p>\n<p>[\/et_pb_text][\/et_pb_column][\/et_pb_row][\/et_pb_section]<\/p>\n","protected":false},"excerpt":{"rendered":"<p>MENTIONS L\u00c9GALESConform\u00e9ment \u00e0 la loi 34\/2002 du 11 juillet relative aux services de la soci\u00e9t\u00e9 de l\u2019information et au commerce \u00e9lectronique, et en respect du devoir d\u2019information l\u00e9gale, il est port\u00e9 \u00e0 la connaissance des utilisateurs que www.laconciergeriesansebastian.com est un domaine Internet dont le titulaire est Gorka Galparsoro Azurmendi. La Conciergerie: Donn\u00e9es d\u2019identificationRaison sociale \/ [&hellip;]<\/p>\n","protected":false},"author":1,"featured_media":0,"parent":0,"menu_order":0,"comment_status":"closed","ping_status":"closed","template":"","meta":{"_et_pb_use_builder":"on","_et_pb_old_content":"","_et_gb_content_width":"","inline_featured_image":false,"footnotes":""},"class_list":["post-617","page","type-page","status-publish","hentry"],"_links":{"self":[{"href":"https:\/\/laconciergeriesansebastian.com\/fr\/wp-json\/wp\/v2\/pages\/617","targetHints":{"allow":["GET"]}}],"collection":[{"href":"https:\/\/laconciergeriesansebastian.com\/fr\/wp-json\/wp\/v2\/pages"}],"about":[{"href":"https:\/\/laconciergeriesansebastian.com\/fr\/wp-json\/wp\/v2\/types\/page"}],"author":[{"embeddable":true,"href":"https:\/\/laconciergeriesansebastian.com\/fr\/wp-json\/wp\/v2\/users\/1"}],"replies":[{"embeddable":true,"href":"https:\/\/laconciergeriesansebastian.com\/fr\/wp-json\/wp\/v2\/comments?post=617"}],"version-history":[{"count":3,"href":"https:\/\/laconciergeriesansebastian.com\/fr\/wp-json\/wp\/v2\/pages\/617\/revisions"}],"predecessor-version":[{"id":685,"href":"https:\/\/laconciergeriesansebastian.com\/fr\/wp-json\/wp\/v2\/pages\/617\/revisions\/685"}],"wp:attachment":[{"href":"https:\/\/laconciergeriesansebastian.com\/fr\/wp-json\/wp\/v2\/media?parent=617"}],"curies":[{"name":"wp","href":"https:\/\/api.w.org\/{rel}","templated":true}]}}