{"id":601,"date":"2025-08-22T06:39:09","date_gmt":"2025-08-22T06:39:09","guid":{"rendered":"https:\/\/laconciergeriesansebastian.com\/declaration-daccessibilite\/"},"modified":"2025-09-23T11:24:57","modified_gmt":"2025-09-23T11:24:57","slug":"declaration-daccessibilite","status":"publish","type":"page","link":"https:\/\/laconciergeriesansebastian.com\/fr\/declaration-daccessibilite\/","title":{"rendered":"D\u00e9claration d\u2019accessibilit\u00e9"},"content":{"rendered":"<p>[et_pb_section fb_built=\u00a0\u00bb1&Prime; custom_padding_last_edited=\u00a0\u00bbon|tablet\u00a0\u00bb module_id=\u00a0\u00bbservices\u00a0\u00bb _builder_version=\u00a0\u00bb4.25.2&Prime; _module_preset=\u00a0\u00bbdefault\u00a0\u00bb background_color=\u00a0\u00bb#070f1b\u00a0\u00bb background_enable_image=\u00a0\u00bboff\u00a0\u00bb background_size=\u00a0\u00bbinitial\u00a0\u00bb background_position=\u00a0\u00bbbottom_center\u00a0\u00bb custom_padding=\u00a0\u00bb150px||100px||false|false\u00a0\u00bb custom_padding_tablet=\u00a0\u00bb80px||80px||true|false\u00a0\u00bb custom_padding_phone=\u00a0\u00bb80px||80px||true|false\u00a0\u00bb background_last_edited=\u00a0\u00bbon|phone\u00a0\u00bb background_size_phone=\u00a0\u00bbcustom\u00a0\u00bb background_image_width_phone=\u00a0\u00bb60%\u00a0\u00bb global_colors_info=\u00a0\u00bb{}\u00a0\u00bb][et_pb_row _builder_version=\u00a0\u00bb4.25.2&Prime; _module_preset=\u00a0\u00bbdefault\u00a0\u00bb width_tablet=\u00a0\u00bb\u00a0\u00bb width_phone=\u00a0\u00bb90%\u00a0\u00bb width_last_edited=\u00a0\u00bbon|phone\u00a0\u00bb custom_margin=\u00a0\u00bb0px||0px||false|false\u00a0\u00bb custom_padding=\u00a0\u00bb0px||50px||false|false\u00a0\u00bb global_colors_info=\u00a0\u00bb{}\u00a0\u00bb][et_pb_column type=\u00a0\u00bb4_4&Prime; _builder_version=\u00a0\u00bb4.25.2&Prime; _module_preset=\u00a0\u00bbdefault\u00a0\u00bb global_colors_info=\u00a0\u00bb{}\u00a0\u00bb][et_pb_text _builder_version=\u00a0\u00bb4.25.2&Prime; _module_preset=\u00a0\u00bbdefault\u00a0\u00bb header_2_text_color=\u00a0\u00bb#e0aa3e\u00a0\u00bb header_2_font_size=\u00a0\u00bb32px\u00a0\u00bb header_2_line_height=\u00a0\u00bb43px\u00a0\u00bb text_orientation=\u00a0\u00bbcenter\u00a0\u00bb custom_margin=\u00a0\u00bb0px||0px||false|false\u00a0\u00bb custom_padding=\u00a0\u00bb0px||20px||false|false\u00a0\u00bb global_colors_info=\u00a0\u00bb{}\u00a0\u00bb]<\/p>\n<h2>D\u00c9CLARATION D\u2019ACCESSIBILIT\u00c9<\/h2>\n<p>[\/et_pb_text][et_pb_divider color=\u00a0\u00bb#e0aa3e\u00a0\u00bb divider_weight=\u00a0\u00bb1px\u00a0\u00bb _builder_version=\u00a0\u00bb4.25.2&Prime; _module_preset=\u00a0\u00bbdefault\u00a0\u00bb width=\u00a0\u00bb10%\u00a0\u00bb module_alignment=\u00a0\u00bbcenter\u00a0\u00bb global_colors_info=\u00a0\u00bb{}\u00a0\u00bb][\/et_pb_divider][et_pb_text _builder_version=\u00a0\u00bb4.25.2&Prime; _module_preset=\u00a0\u00bbdefault\u00a0\u00bb text_text_color=\u00a0\u00bb#FFFFFF\u00a0\u00bb text_font_size=\u00a0\u00bb18px\u00a0\u00bb global_colors_info=\u00a0\u00bb{}\u00a0\u00bb]<\/p>\n<p>La soci\u00e9t\u00e9 La Conciergerie s\u2019est engag\u00e9e \u00e0 rendre son site web accessible conform\u00e9ment au D\u00e9cret royal 1112\/2018 du 7 septembre, relatif \u00e0 l\u2019accessibilit\u00e9 des sites web et applications mobiles du secteur public.<\/p>\n<p>La pr\u00e9sente d\u00e9claration d\u2019accessibilit\u00e9 s\u2019applique au site web https:\/\/laconciergeriesansebastian.com\/<\/p>\n<p><span style=\"color: #e0aa3e;\">Situation de conformit\u00e9<\/span><\/p>\n<p>Ce site web est partiellement conforme au RD 1112\/2018 en raison d\u2019exceptions et de non-conformit\u00e9 aux aspects indiqu\u00e9s ci-dessous.<\/p>\n<p><span style=\"color: #e0aa3e;\">Contenu non accessible<\/span><\/p>\n<p>Le contenu ci-dessous n\u2019est pas accessible pour les raisons suivantes :<\/p>\n<p><span style=\"color: #e0aa3e;\">Non-conformit\u00e9 au RD 1112\/2018<\/span><\/p>\n<p>\u2013 Il existe des logos et images avec un texte alternatif incorrect ou confus, et des images complexes sans description textuelle [exigence 9.1.1.1 Contenu non textuel, UNE-EN 301549:2022].<\/p>\n<p>\u2013 Il existe des listes cr\u00e9\u00e9es de mani\u00e8re incorrecte (sans balises de liste), des tableaux avec des cellules mal \u00e9tiquet\u00e9es et des \u00e9tiquettes invisibles dans les \u00e9l\u00e9ments de formulaire [exigence 9.1.3.1 Informations et relations, UNE-EN 301549:2022].<\/p>\n<p>\u2013 Il existe des tableaux non adapt\u00e9s aux petites tailles d\u2019\u00e9cran et des champs de formulaire qui ne s\u2019affichent pas correctement sur les petits \u00e9crans [exigence 9.1.4.10 Redimensionnement du texte, UNE-EN 301549:2022].<\/p>\n<p>\u2013 Il existe du texte qui ne s\u2019affiche pas correctement lorsque les espaces et hauteurs de ligne sont modifi\u00e9s [exigence 9.1.4.12 Espacement du texte, UNE-EN 301549:2022].<\/p>\n<p>\u2013 Il existe des \u00e9l\u00e9ments non accessibles au clavier, tels que les liens vers les r\u00e9seaux sociaux, l\u2019\u00e9diteur de texte pour les commentaires, les \u00e9l\u00e9ments de tri des r\u00e9sultats de recherche, la pagination des r\u00e9sultats de recherche ou les fl\u00e8ches du calendrier [exigence 9.2.1.1 Clavier, UNE-EN 301549:2022].<\/p>\n<p>\u2013 Il existe des \u00e9l\u00e9ments qui ne re\u00e7oivent pas le focus et ne peuvent donc pas \u00eatre utilis\u00e9s au clavier [exigence 9.2.4.3 Ordre du focus, UNE-EN 301549:2022].<\/p>\n<p>\u2013 Il existe des liens dont la fonction n\u2019est pas correctement identifi\u00e9e [exigence 9.2.4.4 Objectif des liens, UNE-EN 301549:2022].<\/p>\n<p>\u2013 Il existe des images, infographies, textes de liens ou de boutons, textes de titres et contenus qui ne sont pas traduits dans d\u2019autres langues [exigence 9.3.1.2 Langue des parties, UNE-EN 301549:2022].<\/p>\n<p>\u2013 Sur certaines pages, la m\u00eame ic\u00f4ne est utilis\u00e9e \u00e0 des fins diff\u00e9rentes, ce qui cr\u00e9e de la confusion [exigence 9.3.2.4 Identification coh\u00e9rente, UNE-EN 301549:2022].<\/p>\n<p>\u2013 Il existe des messages d\u2019erreur peu descriptifs ou des messages d\u2019erreur non regroup\u00e9s en un seul message, ainsi que l\u2019absence de suggestions dans les formulaires [exigence 9.3.3.1 Identification des erreurs, UNE-EN 301549:2022].<\/p>\n<p>\u2013 Il existe des formulaires avec des champs obligatoires dont l\u2019utilisateur n\u2019est pas inform\u00e9, ainsi que des champs sans exemple textuel du format attendu [exigence 9.3.3.2 \u00c9tiquettes et instructions, UNE-EN 301549:2022].<\/p>\n<p>\u2013 Il existe des champs de formulaire indiquant une erreur lors de la saisie d\u2019une valeur incorrecte, mais sans fournir de suggestion de correction [exigence 9.3.3.3 Suggestions en cas d\u2019erreurs, UNE-EN 301549:2022].<\/p>\n<p>\u2013 Il existe des champs de formulaire indiquant une erreur lors de la saisie d\u2019une valeur incorrecte, mais sans fournir de suggestion de correction [exigence 9.3.3.3 Suggestions en cas d\u2019erreurs, UNE-EN 301549:2022]<\/p>\n<p>\u2013 Il existe des pages avec des erreurs de syntaxe et certains outils d\u2019assistance peuvent ne pas interpr\u00e9ter correctement le contenu [exigence 9.4.1.1 Traitement, UNE-EN 301549:2022].<\/p>\n<p>\u2013 Il existe des pages o\u00f9 les outils d\u2019assistance ne pourront pas obtenir d\u2019informations, interagir et rester inform\u00e9s de l\u2019\u00e9tat des contr\u00f4les de l\u2019interface utilisateur [exigence 9.4.1.2 Nom, fonction, valeur, UNE-EN 301549:2022].<\/p>\n<p><span style=\"color: #e0aa3e;\">Charge disproportionn\u00e9e<\/span><\/p>\n<p>Non applicable.<\/p>\n<p><span style=\"color: #e0aa3e;\">Contenu hors du champ d\u2019application de la l\u00e9gislation applicable<\/span><\/p>\n<p>Il peut exister des fichiers bureautiques en PDF ou autres formats publi\u00e9s avant le 20 septembre 2018 qui ne respectent pas enti\u00e8rement toutes les exigences d\u2019accessibilit\u00e9. Cependant, la majorit\u00e9 d\u2019entre eux a \u00e9t\u00e9 rendue conforme. <\/p>\n<p><span style=\"color: #e0aa3e;\">Pr\u00e9paration de la pr\u00e9sente d\u00e9claration d\u2019accessibilit\u00e9<\/span><\/p>\n<p>La pr\u00e9sente d\u00e9claration a \u00e9t\u00e9 pr\u00e9par\u00e9e le 22\/08\/2025.<\/p>\n<p>La m\u00e9thode utilis\u00e9e pour pr\u00e9parer la d\u00e9claration a \u00e9t\u00e9 une auto-\u00e9valuation r\u00e9alis\u00e9e par l\u2019entit\u00e9 elle-m\u00eame.<\/p>\n<p>Derni\u00e8re r\u00e9vision de la d\u00e9claration : 22\/08\/2025.<\/p>\n<p><span style=\"color: #e0aa3e;\">Observations et coordonn\u00e9es<\/span><\/p>\n<p>Vous pouvez envoyer des communications concernant les exigences d\u2019accessibilit\u00e9 (article 10.2.a du RD 1112\/2018), par exemple :<\/p>\n<p>\u2013 Signaler tout manquement \u00e9ventuel de ce site web<\/p>\n<p>\u2013 Signaler d\u2019autres difficult\u00e9s d\u2019acc\u00e8s au contenu.<br \/>\u2013 Formuler toute autre question ou suggestion d\u2019am\u00e9lioration relative \u00e0 l\u2019accessibilit\u00e9 du site web.<\/p>\n<p>Via le formulaire de contact suivant : https:\/\/laconciergeriesansebastian.com\/contacto<\/p>\n<p><span style=\"color: #e0aa3e;\"><br \/>Vous pouvez soumettre :<\/span><\/p>\n<p>\u2013 Une plainte concernant le respect des exigences du RD 1112\/2018.<\/p>\n<p>\u2013 Une demande d\u2019information accessible concernant : \u2014 Contenus exclus du champ d\u2019application du RD 1112\/2018 conform\u00e9ment \u00e0 l\u2019article 3, paragraphe 4. \u2014 Contenus exempts du respect des exigences d\u2019accessibilit\u00e9 en raison d\u2019une charge disproportionn\u00e9e.<\/p>\n<p><span style=\"color: #e0aa3e;\">Contenu optionnel<br \/><\/span><\/p>\n<p>Ce site web applique les exigences de la norme UNE-EN 301549:2022 en tenant compte des exceptions du RD 1112\/2018.<\/p>\n<p>La derni\u00e8re r\u00e9vision de l\u2019accessibilit\u00e9 a \u00e9t\u00e9 r\u00e9alis\u00e9e le 01\/08\/2025.<\/p>\n<p>Le site web est optimis\u00e9 pour Microsoft Internet Explorer 8.0 ou versions sup\u00e9rieures et les derni\u00e8res versions de Firefox, Safari, Opera et Google Chrome. La r\u00e9solution web minimale recommand\u00e9e est de 1280\u00d71024. <\/p>\n<p>Le site web est con\u00e7u pour un affichage responsive, offrant une visualisation optimale sur tablettes et appareils mobiles. Sur ces appareils, il est optimis\u00e9 pour les derni\u00e8res versions de Chrome mobile, Firefox mobile, Safari mobile, Opera Mini et le navigateur natif Android. <\/p>\n<p>[\/et_pb_text][\/et_pb_column][\/et_pb_row][\/et_pb_section]<\/p>\n","protected":false},"excerpt":{"rendered":"<p>D\u00c9CLARATION D\u2019ACCESSIBILIT\u00c9La soci\u00e9t\u00e9 La Conciergerie s\u2019est engag\u00e9e \u00e0 rendre son site web accessible conform\u00e9ment au D\u00e9cret royal 1112\/2018 du 7 septembre, relatif \u00e0 l\u2019accessibilit\u00e9 des sites web et applications mobiles du secteur public. La pr\u00e9sente d\u00e9claration d\u2019accessibilit\u00e9 s\u2019applique au site web https:\/\/laconciergeriesansebastian.com\/ Situation de conformit\u00e9 Ce site web est partiellement conforme au RD 1112\/2018 en [&hellip;]<\/p>\n","protected":false},"author":1,"featured_media":0,"parent":0,"menu_order":0,"comment_status":"closed","ping_status":"closed","template":"","meta":{"_et_pb_use_builder":"on","_et_pb_old_content":"","_et_gb_content_width":"","inline_featured_image":false,"footnotes":""},"class_list":["post-601","page","type-page","status-publish","hentry"],"_links":{"self":[{"href":"https:\/\/laconciergeriesansebastian.com\/fr\/wp-json\/wp\/v2\/pages\/601","targetHints":{"allow":["GET"]}}],"collection":[{"href":"https:\/\/laconciergeriesansebastian.com\/fr\/wp-json\/wp\/v2\/pages"}],"about":[{"href":"https:\/\/laconciergeriesansebastian.com\/fr\/wp-json\/wp\/v2\/types\/page"}],"author":[{"embeddable":true,"href":"https:\/\/laconciergeriesansebastian.com\/fr\/wp-json\/wp\/v2\/users\/1"}],"replies":[{"embeddable":true,"href":"https:\/\/laconciergeriesansebastian.com\/fr\/wp-json\/wp\/v2\/comments?post=601"}],"version-history":[{"count":2,"href":"https:\/\/laconciergeriesansebastian.com\/fr\/wp-json\/wp\/v2\/pages\/601\/revisions"}],"predecessor-version":[{"id":603,"href":"https:\/\/laconciergeriesansebastian.com\/fr\/wp-json\/wp\/v2\/pages\/601\/revisions\/603"}],"wp:attachment":[{"href":"https:\/\/laconciergeriesansebastian.com\/fr\/wp-json\/wp\/v2\/media?parent=601"}],"curies":[{"name":"wp","href":"https:\/\/api.w.org\/{rel}","templated":true}]}}